{"id":658,"date":"2021-02-05T18:47:08","date_gmt":"2021-02-05T18:47:08","guid":{"rendered":"https:\/\/info.dossenberger.de\/?page_id=658"},"modified":"2021-02-05T19:38:22","modified_gmt":"2021-02-05T19:38:22","slug":"theater-ag","status":"publish","type":"page","link":"https:\/\/info.dossenberger.de\/index.php\/theater-ag\/","title":{"rendered":"Theater-AG"},"content":{"rendered":"<h4>Ja, es gibt sie, die Theater-AG am Dossi!<\/h4>\n<p>Unter den liebevollen und professionellen H\u00e4nden von Frau Vera Hupfauer findet unsere Theater-AG statt, die vorwiegend von Sch\u00fclerinnen und Sch\u00fclern der Unterstufe (Jgst. 5 bis 7) besucht wird.<\/p>\n<p>Frau Hupfauer ist nicht nur ausgebildete Theaterp\u00e4dagogin, sondern ist selbst am Neuen Theater in Burgau regelm\u00e4\u00dfig als Schauspielerin aktiv.<\/p>\n<p><strong>Wir sind als Dossi gl\u00fccklich, dass wir eine so b\u00fchnenerfahrene Theater-Lehrerin wie Frau Vera Hupfauer f\u00fcr unsere Theater-AG gewinnen konnten.<\/strong><\/p>\n<p>Leider gibt es hier auf dieser Homepage pandemiebedingt noch keine Ergebnisse der Proben in der Theater-AG vorzuzeigen, aber<strong> wir freuen uns alle sehr auf den Zeitpunkt, zu dem unsere Theater-AG unsere neue B\u00fchne mit ihrem ersten Theaterst\u00fcck einweihen wird.<\/strong><\/p>\n<p>\u00a0<\/p>\n\n\n<div class=\"wp-block-columns is-layout-flex wp-container-core-columns-is-layout-9d6595d7 wp-block-columns-is-layout-flex\">\n<div class=\"wp-block-column is-layout-flow wp-block-column-is-layout-flow\">\n<div class=\"wp-block-image\"><figure class=\"aligncenter size-large\"><img loading=\"lazy\" decoding=\"async\" width=\"452\" height=\"640\" src=\"https:\/\/info.dossenberger.de\/wp-content\/uploads\/2021\/02\/plakat.jpg\" alt=\"\" class=\"wp-image-668\" srcset=\"https:\/\/info.dossenberger.de\/wp-content\/uploads\/2021\/02\/plakat.jpg 452w, https:\/\/info.dossenberger.de\/wp-content\/uploads\/2021\/02\/plakat-212x300.jpg 212w\" sizes=\"auto, (max-width: 452px) 100vw, 452px\" \/><\/figure><\/div>\n<\/div>\n<\/div>\n","protected":false},"excerpt":{"rendered":"<p>Ja, es gibt sie, die Theater-AG am Dossi! Unter den liebevollen und professionellen H\u00e4nden von Frau Vera Hupfauer findet unsere Theater-AG statt, die vorwiegend von Sch\u00fclerinnen und Sch\u00fclern der Unterstufe (Jgst. 5 bis 7) besucht wird. Frau Hupfauer ist nicht nur ausgebildete Theaterp\u00e4dagogin, sondern ist selbst am Neuen Theater in Burgau regelm\u00e4\u00dfig als Schauspielerin aktiv. &hellip; <a href=\"https:\/\/info.dossenberger.de\/index.php\/theater-ag\/\" class=\"more-link\"><span class=\"screen-reader-text\">Theater-AG<\/span> weiterlesen<\/a><\/p>\n","protected":false},"author":1,"featured_media":0,"parent":0,"menu_order":0,"comment_status":"closed","ping_status":"closed","template":"","meta":{"footnotes":""},"class_list":["post-658","page","type-page","status-publish","hentry"],"_links":{"self":[{"href":"https:\/\/info.dossenberger.de\/index.php\/wp-json\/wp\/v2\/pages\/658","targetHints":{"allow":["GET"]}}],"collection":[{"href":"https:\/\/info.dossenberger.de\/index.php\/wp-json\/wp\/v2\/pages"}],"about":[{"href":"https:\/\/info.dossenberger.de\/index.php\/wp-json\/wp\/v2\/types\/page"}],"author":[{"embeddable":true,"href":"https:\/\/info.dossenberger.de\/index.php\/wp-json\/wp\/v2\/users\/1"}],"replies":[{"embeddable":true,"href":"https:\/\/info.dossenberger.de\/index.php\/wp-json\/wp\/v2\/comments?post=658"}],"version-history":[{"count":5,"href":"https:\/\/info.dossenberger.de\/index.php\/wp-json\/wp\/v2\/pages\/658\/revisions"}],"predecessor-version":[{"id":672,"href":"https:\/\/info.dossenberger.de\/index.php\/wp-json\/wp\/v2\/pages\/658\/revisions\/672"}],"wp:attachment":[{"href":"https:\/\/info.dossenberger.de\/index.php\/wp-json\/wp\/v2\/media?parent=658"}],"curies":[{"name":"wp","href":"https:\/\/api.w.org\/{rel}","templated":true}]}}