{"id":460,"date":"2021-02-05T07:40:54","date_gmt":"2021-02-05T07:40:54","guid":{"rendered":"https:\/\/info.dossenberger.de\/?page_id=460"},"modified":"2022-01-06T08:43:30","modified_gmt":"2022-01-06T08:43:30","slug":"infos-3","status":"publish","type":"page","link":"https:\/\/info.dossenberger.de\/index.php\/informationen-zum-uebertritt\/infos-3\/","title":{"rendered":"Termine zum \u00dcbertritt alt"},"content":{"rendered":"\n<p>Vorbehaltlich der Infektionslage finden die Veranstaltungen vor Ort oder digital statt.<\/p>\n\n\n\n<figure class=\"wp-block-image size-large is-resized\"><a href=\"https:\/\/www.schulantrag.de\/anmeldung\/swonline\/ssl\/antrag-start-01.asp?sch=107\" target=\"_blank\" rel=\"noopener\"><img loading=\"lazy\" decoding=\"async\" src=\"https:\/\/info.dossenberger.de\/wp-content\/uploads\/2021\/04\/einschreibung2021_2.jpg\" alt=\"\" class=\"wp-image-842\" width=\"623\" height=\"78\" srcset=\"https:\/\/info.dossenberger.de\/wp-content\/uploads\/2021\/04\/einschreibung2021_2.jpg 728w, https:\/\/info.dossenberger.de\/wp-content\/uploads\/2021\/04\/einschreibung2021_2-300x37.jpg 300w\" sizes=\"auto, (max-width: 623px) 100vw, 623px\" \/><\/a><\/figure>\n\n\n\n<figure class=\"wp-block-table\"><table><tbody><tr><td>\n<p><strong>Infektionslage<\/strong><\/p>\n<\/td><td>\n<p><strong>Besuchen Sie uns pers\u00f6nlich:<br><\/strong><a href=\"https:\/\/info.dossenberger.de\/index.php\/informationen-zum-uebertritt\/infos-1\/\">Besuchen Sie uns &#8230;<\/a><\/p>\n<\/td><\/tr><tr><td>\n<p><strong>Samstag, <\/strong><strong>den 06. Februar 2021,<\/strong><br><strong>um 14:30 Uhr<\/strong><\/p>\n<br><br><br><br><br><\/td><td>\n<p><strong>Informationsveranstaltung zum \u00dcbertritt:<\/strong> <br>Die Informationsveranstaltung zum \u00dcbertritt ans Dossenberger-Gymnasium findet in diesem Schuljahr als <strong>Videolivestream<\/strong> statt. <br><br>Dieser <strong>Livestream<\/strong> kann ab dem 07.02.2021 auch als Video hier aufgerufen werden.<\/p>\n<\/td><\/tr><tr><td>\n<p><strong>25. M\u00e4rz 2021, <\/strong><strong>von 16.00 &#8211; 18.00 Uhr<\/strong><\/p>\n<\/td><td>\n<p><strong>4. Dossenberger R\u00f6mertag<\/strong><\/p>\n<\/td><\/tr><tr><td> <p><strong>Samstag, den 17.April 2021,<\/strong><br><strong>von 10:00 \u2013 11:00 Uhr<\/strong><\/p> <\/td><td> <p><strong>Tag der offenen T\u00fcr:<\/strong> <br>Zus\u00e4tzlich zum st\u00e4ndigen digitalen Angebot auf unserer Info-Website steht Ihnen an diesem Tag von 10 bis 11 Uhr unser gesamtes Schulleitungsteam zu einem pers\u00f6nlichen Gespr\u00e4ch per Telefon zu allen \u00dcbertrittsfragen zur Verf\u00fcgung.<\/p><\/td><\/tr><tr><td> <p><strong>Montag,<\/strong> <strong>10.05. bis<\/strong><br><strong>Mittwoch, 12.05.2021,<\/strong><br><br><strong>t\u00e4glich von 08:00 \u2013 17:00 Uhr<\/strong> <br><strong>(am Donnerstag ist Feiertag)<\/strong> <br><br>F<strong>reitag, den 14.05.2021<\/strong><br><strong>von 08:00 \u2013 12:00 Uhr<\/strong><\/p> <\/td><td> <p><strong>Einschreibung f\u00fcr das Schuljahr 2021\/22:<\/strong> <br>Bitte bringen Sie das \u00dcbertrittszeugnis, die Geburtsurkunde, den Nachweis zum Masernschutz und ggf. einen Sorgerechtsbeschluss mit.<\/p><br> <\/td><\/tr><tr><td>\n<p><strong>Dienstag, den 18.05.<\/strong> <strong>bis<br>Donnerstag, den 20.05.2021<\/strong><\/p>\n<\/td><td>\n<p><strong>Gegebenenfalls Probeunterricht:<\/strong> <br>An welchem Gymnasium der Probeunterricht stattfinden wird, wird Ihnen noch bekannt gegeben.<\/p>\n<\/td><\/tr><tr><td>\n<p><strong>Ende Juli<\/strong><\/p>\n<\/td><td>\n<p><strong>Willkommensnachmittag:<\/strong> <br>Im Juli laden wir die neuen F\u00fcnftkl\u00e4ssler zu einem Willkommensnachmittag ein. Dort erfahren Sie und Ihr Kind bereits die Klasseneinteilung und die Klassenleiter stehen fest.<\/p>\n<\/td><\/tr><\/tbody><\/table><\/figure>\n","protected":false},"excerpt":{"rendered":"<p>Vorbehaltlich der Infektionslage finden die Veranstaltungen vor Ort oder digital statt. Infektionslage Besuchen Sie uns pers\u00f6nlich:Besuchen Sie uns &#8230; Samstag, den 06. Februar 2021,um 14:30 Uhr Informationsveranstaltung zum \u00dcbertritt: Die Informationsveranstaltung zum \u00dcbertritt ans Dossenberger-Gymnasium findet in diesem Schuljahr als Videolivestream statt. Dieser Livestream kann ab dem 07.02.2021 auch als Video hier aufgerufen werden. 25. &hellip; <a href=\"https:\/\/info.dossenberger.de\/index.php\/informationen-zum-uebertritt\/infos-3\/\" class=\"more-link\"><span class=\"screen-reader-text\">Termine zum \u00dcbertritt alt<\/span> weiterlesen<\/a><\/p>\n","protected":false},"author":1,"featured_media":0,"parent":453,"menu_order":0,"comment_status":"closed","ping_status":"closed","template":"","meta":{"footnotes":""},"class_list":["post-460","page","type-page","status-publish","hentry"],"_links":{"self":[{"href":"https:\/\/info.dossenberger.de\/index.php\/wp-json\/wp\/v2\/pages\/460","targetHints":{"allow":["GET"]}}],"collection":[{"href":"https:\/\/info.dossenberger.de\/index.php\/wp-json\/wp\/v2\/pages"}],"about":[{"href":"https:\/\/info.dossenberger.de\/index.php\/wp-json\/wp\/v2\/types\/page"}],"author":[{"embeddable":true,"href":"https:\/\/info.dossenberger.de\/index.php\/wp-json\/wp\/v2\/users\/1"}],"replies":[{"embeddable":true,"href":"https:\/\/info.dossenberger.de\/index.php\/wp-json\/wp\/v2\/comments?post=460"}],"version-history":[{"count":35,"href":"https:\/\/info.dossenberger.de\/index.php\/wp-json\/wp\/v2\/pages\/460\/revisions"}],"predecessor-version":[{"id":875,"href":"https:\/\/info.dossenberger.de\/index.php\/wp-json\/wp\/v2\/pages\/460\/revisions\/875"}],"up":[{"embeddable":true,"href":"https:\/\/info.dossenberger.de\/index.php\/wp-json\/wp\/v2\/pages\/453"}],"wp:attachment":[{"href":"https:\/\/info.dossenberger.de\/index.php\/wp-json\/wp\/v2\/media?parent=460"}],"curies":[{"name":"wp","href":"https:\/\/api.w.org\/{rel}","templated":true}]}}