{"id":458,"date":"2021-02-05T07:40:46","date_gmt":"2021-02-05T07:40:46","guid":{"rendered":"https:\/\/info.dossenberger.de\/?page_id=458"},"modified":"2024-12-18T16:03:20","modified_gmt":"2024-12-18T16:03:20","slug":"infos-2","status":"publish","type":"page","link":"https:\/\/info.dossenberger.de\/index.php\/informationen-zum-uebertritt\/infos-2\/","title":{"rendered":"Gru\u00dfwort"},"content":{"rendered":"\n<p>Liebe Sch\u00fclerinnen und Sch\u00fcler, sehr geehrte Eltern,<\/p>\n\n\n\n<p>wir freuen uns sehr, dass Ihr Euch \/ Sie sich f\u00fcr das \u201eDossi\u201c, wie das Dossenberger-Gymnasium in G\u00fcnzburg liebevoll genannt wird, interessieren.<\/p>\n\n\n<div class=\"wp-block-image\">\n<figure class=\"alignright size-large\"><img loading=\"lazy\" decoding=\"async\" width=\"285\" height=\"367\" src=\"https:\/\/info.dossenberger.de\/wp-content\/uploads\/2021\/02\/Schulleiter-Lang.jpg\" alt=\"\" class=\"wp-image-568\" srcset=\"https:\/\/info.dossenberger.de\/wp-content\/uploads\/2021\/02\/Schulleiter-Lang.jpg 285w, https:\/\/info.dossenberger.de\/wp-content\/uploads\/2021\/02\/Schulleiter-Lang-233x300.jpg 233w\" sizes=\"auto, (max-width: 285px) 100vw, 285px\" \/><\/figure>\n<\/div>\n\n\n<p>Die Sanierung des Geb\u00e4udes ist seit dem letzten Februar abgeschlossen. Alle Klassenzimmer und Fachr\u00e4ume sind nun mit modernster Pr\u00e4sentationstechnik und mit WLAN ausgestattet. Alle Sch\u00fclerinnen und Sch\u00fcler erhalten im laufenden Schuljahr ein kostenloses Endger\u00e4t (iPad) geliehen. Diese k\u00f6nnen dann effektiv und wirkungsvoll zum Einsatz kommen. <\/p>\n\n\n\n<p>Ein ganz besonderes Highlight sind unsere gro\u00dfz\u00fcgigen offenen Lernlandschaften, die modernes und abwechlungsreiches Lernen erm\u00f6glichen und durch mehr Methodenvielfalt das Lernen effektiver und attraktiver gestalten. Auch die neuen gro\u00dfz\u00fcgig ausgefallenen Pausenbereiche werde gerne angenommen. <\/p>\n\n\n\n<p>Auch unsere neue Pausenhalle und Sch\u00fclerb\u00fccherei sind nach unseren W\u00fcnschen neu gestaltet worden und erfreuen sich im Schulalltag gro\u00dfer Beliebtheit.<\/p>\n\n\n\n<p>Das Dossenberger-Gymnasium setzt seit Jahren auf kleine Klassen, durchschnittlich 25 Sch\u00fclerinnen und Sch\u00fcler lernen bei uns in einer Klasse, da wir glauben, dass nur so eine individuelle Betreuung stattfinden kann. Gerade in der Unterstufe sind unsere Klassen oft sogar noch kleiner! Unsere derzeitigen 5. Klassen haben dreimal die Klassenst\u00e4rke 26 und einmal 28. So kommt man gut an der neuen Schule an und f\u00fchlt sich wohl.<\/p>\n\n\n\n<p>Wir haben Ihr Interesse geweckt? Sie wollen mehr erfahren?<br>Gerne laden wir Sie zu einer <a href=\"https:\/\/info.dossenberger.de\/index.php\/informationen-zum-uebertritt\/infos-1\/\">pers\u00f6nlichen Besichtigung ans Dossi<\/a> ein.<\/p>\n\n\n\n<p>Auch auf eine individuelle Beratung m\u00fcssen Sie zurzeit nicht verzichten, denn der pers\u00f6nliche Kontakt ist uns sehr wichtig: Gerne steht Ihnen die Schulleitung und unser Beratungslehrer Herr Kugelmann zu pers\u00f6nlichen Gespr\u00e4chen bereit, per Telefon oder Videoschaltung. Vereinbaren Sie einfach einen Termin oder schicken Sie uns eine E-Mail. Wir nehmen uns gerne Zeit f\u00fcr Sie und freuen uns, Ihnen das Dossi vorstellen zu d\u00fcrfen!<\/p>\n\n\n\n<p>Mit freundlichen Gr\u00fc\u00dfen<\/p>\n\n\n\n<p>OStD Peter Lang, Schulleiter<\/p>\n","protected":false},"excerpt":{"rendered":"<p>Liebe Sch\u00fclerinnen und Sch\u00fcler, sehr geehrte Eltern, wir freuen uns sehr, dass Ihr Euch \/ Sie sich f\u00fcr das \u201eDossi\u201c, wie das Dossenberger-Gymnasium in G\u00fcnzburg liebevoll genannt wird, interessieren. Die Sanierung des Geb\u00e4udes ist seit dem letzten Februar abgeschlossen. Alle Klassenzimmer und Fachr\u00e4ume sind nun mit modernster Pr\u00e4sentationstechnik und mit WLAN ausgestattet. Alle Sch\u00fclerinnen und &hellip; <a href=\"https:\/\/info.dossenberger.de\/index.php\/informationen-zum-uebertritt\/infos-2\/\" class=\"more-link\"><span class=\"screen-reader-text\">Gru\u00dfwort<\/span> weiterlesen<\/a><\/p>\n","protected":false},"author":1,"featured_media":0,"parent":453,"menu_order":0,"comment_status":"closed","ping_status":"closed","template":"","meta":{"footnotes":""},"class_list":["post-458","page","type-page","status-publish","hentry"],"_links":{"self":[{"href":"https:\/\/info.dossenberger.de\/index.php\/wp-json\/wp\/v2\/pages\/458","targetHints":{"allow":["GET"]}}],"collection":[{"href":"https:\/\/info.dossenberger.de\/index.php\/wp-json\/wp\/v2\/pages"}],"about":[{"href":"https:\/\/info.dossenberger.de\/index.php\/wp-json\/wp\/v2\/types\/page"}],"author":[{"embeddable":true,"href":"https:\/\/info.dossenberger.de\/index.php\/wp-json\/wp\/v2\/users\/1"}],"replies":[{"embeddable":true,"href":"https:\/\/info.dossenberger.de\/index.php\/wp-json\/wp\/v2\/comments?post=458"}],"version-history":[{"count":31,"href":"https:\/\/info.dossenberger.de\/index.php\/wp-json\/wp\/v2\/pages\/458\/revisions"}],"predecessor-version":[{"id":1152,"href":"https:\/\/info.dossenberger.de\/index.php\/wp-json\/wp\/v2\/pages\/458\/revisions\/1152"}],"up":[{"embeddable":true,"href":"https:\/\/info.dossenberger.de\/index.php\/wp-json\/wp\/v2\/pages\/453"}],"wp:attachment":[{"href":"https:\/\/info.dossenberger.de\/index.php\/wp-json\/wp\/v2\/media?parent=458"}],"curies":[{"name":"wp","href":"https:\/\/api.w.org\/{rel}","templated":true}]}}