{"id":456,"date":"2021-02-05T07:40:36","date_gmt":"2021-02-05T07:40:36","guid":{"rendered":"https:\/\/info.dossenberger.de\/?page_id=456"},"modified":"2025-12-02T12:15:18","modified_gmt":"2025-12-02T12:15:18","slug":"infos-1","status":"publish","type":"page","link":"https:\/\/info.dossenberger.de\/index.php\/informationen-zum-uebertritt\/infos-1\/","title":{"rendered":"Anmeldung pers\u00f6nliche Schulf\u00fchrung"},"content":{"rendered":"\n<h4 class=\"wp-block-heading\">Pers\u00f6nlicher Besuch<\/h4>\n\n\n\n<p>Sie werden pers\u00f6nlich von einem Mitglied unserer Schulleitung empfangen und durch die Schule gef\u00fchrt. So k\u00f6nnen Sie sich ein Bild vom Geb\u00e4ude, den Klassenzimmern und der Atmosph\u00e4re machen und weitere Fragen stellen. <\/p>\n\n\n\n<p>Die F\u00fchrungen finden ab Januar jeweils dienstags und freitags ab 15.00 Uhr statt.<\/p>\n\n\n\n<p>&nbsp;<\/p>\n\n\n<div class=\"wp-block-image\">\n<figure class=\"aligncenter size-large\"><img loading=\"lazy\" decoding=\"async\" width=\"300\" height=\"372\" src=\"https:\/\/info.dossenberger.de\/wp-content\/uploads\/2021\/02\/schulleitung.jpg\" alt=\"\" class=\"wp-image-570\" srcset=\"https:\/\/info.dossenberger.de\/wp-content\/uploads\/2021\/02\/schulleitung.jpg 300w, https:\/\/info.dossenberger.de\/wp-content\/uploads\/2021\/02\/schulleitung-242x300.jpg 242w\" sizes=\"auto, (max-width: 300px) 100vw, 300px\" \/><\/figure>\n<\/div>\n\n\n<p>Wir bitten hierzu um Anmeldung per Telefon oder E-Mail in unserem Sekretariat:<\/p>\n\n\n\n<figure class=\"wp-block-table\">\r\n<table style=\"background-color: #ffffff; width: 100%; height: 60px;\">\r\n<tbody>\r\n<tr style=\"height: 31px;\">\r\n<td style=\"width: 47.8788%; height: 31px;\">\r\n<p><strong>Telefonische Anmeldung:<\/strong><\/p>\r\n<\/td>\r\n<td style=\"width: 51.9697%; height: 31px;\">\r\n<p>08221\/93044-0<\/p>\r\n<\/td>\r\n<\/tr>\r\n<tr style=\"height: 29px;\">\r\n<td style=\"width: 47.8788%; height: 29px;\">\r\n<p><strong>Anmeldung per E-Mail:<\/strong><\/p>\r\n<\/td>\r\n<td style=\"width: 51.9697%; height: 29px;\">\r\n<p>verwaltung@dossenberger.de<\/p>\r\n<\/td>\r\n<\/tr>\r\n<\/tbody>\r\n<\/table>\r\n<\/figure>\n\n\n\n<p>Bitte hinterlassen Sie uns zur Anmeldung einfach Ihren <strong>Namen<\/strong> und eine <strong>Telefonnummer<\/strong> und geben Sie uns die <strong>Anzahl der Personen<\/strong> an, die Sie zur F\u00fchrung mitbringen wollen.<\/p>\n\n\n\n<p><strong>Wir freuen uns auf Sie!<\/strong><\/p>\n","protected":false},"excerpt":{"rendered":"<p>Pers\u00f6nlicher Besuch Sie werden pers\u00f6nlich von einem Mitglied unserer Schulleitung empfangen und durch die Schule gef\u00fchrt. So k\u00f6nnen Sie sich ein Bild vom Geb\u00e4ude, den Klassenzimmern und der Atmosph\u00e4re machen und weitere Fragen stellen. Die F\u00fchrungen finden ab Januar jeweils dienstags und freitags ab 15.00 Uhr statt. &nbsp; Wir bitten hierzu um Anmeldung per Telefon &hellip; <a href=\"https:\/\/info.dossenberger.de\/index.php\/informationen-zum-uebertritt\/infos-1\/\" class=\"more-link\"><span class=\"screen-reader-text\">Anmeldung pers\u00f6nliche Schulf\u00fchrung<\/span> weiterlesen<\/a><\/p>\n","protected":false},"author":1,"featured_media":0,"parent":453,"menu_order":0,"comment_status":"closed","ping_status":"closed","template":"","meta":{"footnotes":""},"class_list":["post-456","page","type-page","status-publish","hentry"],"_links":{"self":[{"href":"https:\/\/info.dossenberger.de\/index.php\/wp-json\/wp\/v2\/pages\/456","targetHints":{"allow":["GET"]}}],"collection":[{"href":"https:\/\/info.dossenberger.de\/index.php\/wp-json\/wp\/v2\/pages"}],"about":[{"href":"https:\/\/info.dossenberger.de\/index.php\/wp-json\/wp\/v2\/types\/page"}],"author":[{"embeddable":true,"href":"https:\/\/info.dossenberger.de\/index.php\/wp-json\/wp\/v2\/users\/1"}],"replies":[{"embeddable":true,"href":"https:\/\/info.dossenberger.de\/index.php\/wp-json\/wp\/v2\/comments?post=456"}],"version-history":[{"count":13,"href":"https:\/\/info.dossenberger.de\/index.php\/wp-json\/wp\/v2\/pages\/456\/revisions"}],"predecessor-version":[{"id":1194,"href":"https:\/\/info.dossenberger.de\/index.php\/wp-json\/wp\/v2\/pages\/456\/revisions\/1194"}],"up":[{"embeddable":true,"href":"https:\/\/info.dossenberger.de\/index.php\/wp-json\/wp\/v2\/pages\/453"}],"wp:attachment":[{"href":"https:\/\/info.dossenberger.de\/index.php\/wp-json\/wp\/v2\/media?parent=456"}],"curies":[{"name":"wp","href":"https:\/\/api.w.org\/{rel}","templated":true}]}}