{"id":360,"date":"2021-02-03T19:17:29","date_gmt":"2021-02-03T19:17:29","guid":{"rendered":"https:\/\/info.dossenberger.de\/?page_id=360"},"modified":"2021-02-05T08:22:28","modified_gmt":"2021-02-05T08:22:28","slug":"oberstufenbereich","status":"publish","type":"page","link":"https:\/\/info.dossenberger.de\/index.php\/oberstufenbereich\/","title":{"rendered":"Oberstufenbereich"},"content":{"rendered":"\n<div class=\"h5p-iframe-wrapper\"><iframe id=\"h5p-iframe-6\" class=\"h5p-iframe\" data-content-id=\"6\" style=\"height:1px\" src=\"about:blank\" frameBorder=\"0\" scrolling=\"no\" title=\"Oberstufenbereich\"><\/iframe><\/div>\n\n\n\n<p>Bitte warten Sie, bis das Bild vollst\u00e4ndig geladen ist. Dies kann je nach Internetverbindung und Endger\u00e4t ein paar Sekunden l\u00e4nger dauern.<\/p>\n","protected":false},"excerpt":{"rendered":"<p>Bitte warten Sie, bis das Bild vollst\u00e4ndig geladen ist. Dies kann je nach Internetverbindung und Endger\u00e4t ein paar Sekunden l\u00e4nger dauern.<\/p>\n","protected":false},"author":1,"featured_media":0,"parent":0,"menu_order":0,"comment_status":"closed","ping_status":"closed","template":"","meta":{"footnotes":""},"class_list":["post-360","page","type-page","status-publish","hentry"],"_links":{"self":[{"href":"https:\/\/info.dossenberger.de\/index.php\/wp-json\/wp\/v2\/pages\/360","targetHints":{"allow":["GET"]}}],"collection":[{"href":"https:\/\/info.dossenberger.de\/index.php\/wp-json\/wp\/v2\/pages"}],"about":[{"href":"https:\/\/info.dossenberger.de\/index.php\/wp-json\/wp\/v2\/types\/page"}],"author":[{"embeddable":true,"href":"https:\/\/info.dossenberger.de\/index.php\/wp-json\/wp\/v2\/users\/1"}],"replies":[{"embeddable":true,"href":"https:\/\/info.dossenberger.de\/index.php\/wp-json\/wp\/v2\/comments?post=360"}],"version-history":[{"count":2,"href":"https:\/\/info.dossenberger.de\/index.php\/wp-json\/wp\/v2\/pages\/360\/revisions"}],"predecessor-version":[{"id":472,"href":"https:\/\/info.dossenberger.de\/index.php\/wp-json\/wp\/v2\/pages\/360\/revisions\/472"}],"wp:attachment":[{"href":"https:\/\/info.dossenberger.de\/index.php\/wp-json\/wp\/v2\/media?parent=360"}],"curies":[{"name":"wp","href":"https:\/\/api.w.org\/{rel}","templated":true}]}}