{"id":353,"date":"2021-02-03T19:14:03","date_gmt":"2021-02-03T19:14:03","guid":{"rendered":"https:\/\/info.dossenberger.de\/?page_id=353"},"modified":"2021-02-05T08:21:38","modified_gmt":"2021-02-05T08:21:38","slug":"aussenbereich","status":"publish","type":"page","link":"https:\/\/info.dossenberger.de\/index.php\/aussenbereich\/","title":{"rendered":"Au\u00dfenbereich"},"content":{"rendered":"\n<div class=\"h5p-iframe-wrapper\"><iframe id=\"h5p-iframe-4\" class=\"h5p-iframe\" data-content-id=\"4\" style=\"height:1px\" src=\"about:blank\" frameBorder=\"0\" scrolling=\"no\" title=\"Au\u00dfenaufnahmen\"><\/iframe><\/div>\n\n\n\n<p>Bitte warten Sie, bis das Bild vollst\u00e4ndig geladen ist. Dies kann je nach Internetverbindung und Endger\u00e4t ein paar Sekunden l\u00e4nger dauern.<\/p>\n","protected":false},"excerpt":{"rendered":"<p>Bitte warten Sie, bis das Bild vollst\u00e4ndig geladen ist. Dies kann je nach Internetverbindung und Endger\u00e4t ein paar Sekunden l\u00e4nger dauern.<\/p>\n","protected":false},"author":1,"featured_media":0,"parent":0,"menu_order":0,"comment_status":"closed","ping_status":"closed","template":"","meta":{"footnotes":""},"class_list":["post-353","page","type-page","status-publish","hentry"],"_links":{"self":[{"href":"https:\/\/info.dossenberger.de\/index.php\/wp-json\/wp\/v2\/pages\/353","targetHints":{"allow":["GET"]}}],"collection":[{"href":"https:\/\/info.dossenberger.de\/index.php\/wp-json\/wp\/v2\/pages"}],"about":[{"href":"https:\/\/info.dossenberger.de\/index.php\/wp-json\/wp\/v2\/types\/page"}],"author":[{"embeddable":true,"href":"https:\/\/info.dossenberger.de\/index.php\/wp-json\/wp\/v2\/users\/1"}],"replies":[{"embeddable":true,"href":"https:\/\/info.dossenberger.de\/index.php\/wp-json\/wp\/v2\/comments?post=353"}],"version-history":[{"count":5,"href":"https:\/\/info.dossenberger.de\/index.php\/wp-json\/wp\/v2\/pages\/353\/revisions"}],"predecessor-version":[{"id":468,"href":"https:\/\/info.dossenberger.de\/index.php\/wp-json\/wp\/v2\/pages\/353\/revisions\/468"}],"wp:attachment":[{"href":"https:\/\/info.dossenberger.de\/index.php\/wp-json\/wp\/v2\/media?parent=353"}],"curies":[{"name":"wp","href":"https:\/\/api.w.org\/{rel}","templated":true}]}}