{"id":345,"date":"2021-02-03T19:06:37","date_gmt":"2021-02-03T19:06:37","guid":{"rendered":"https:\/\/info.dossenberger.de\/?page_id=345"},"modified":"2021-02-05T08:22:05","modified_gmt":"2021-02-05T08:22:05","slug":"lernlandschaft-og","status":"publish","type":"page","link":"https:\/\/info.dossenberger.de\/index.php\/lernlandschaft-og\/","title":{"rendered":"Lernlandschaft EG"},"content":{"rendered":"\n<div class=\"h5p-iframe-wrapper\"><iframe id=\"h5p-iframe-3\" class=\"h5p-iframe\" data-content-id=\"3\" style=\"height:1px\" src=\"about:blank\" frameBorder=\"0\" scrolling=\"no\" title=\"Unsere Aula\"><\/iframe><\/div>\n\n\n\n<p>Bitte warten Sie, bis das Bild vollst\u00e4ndig geladen ist. Dies kann je nach Internetverbindung und Endger\u00e4t ein paar Sekunden l\u00e4nger dauern.<\/p>\n","protected":false},"excerpt":{"rendered":"<p>Bitte warten Sie, bis das Bild vollst\u00e4ndig geladen ist. Dies kann je nach Internetverbindung und Endger\u00e4t ein paar Sekunden l\u00e4nger dauern.<\/p>\n","protected":false},"author":1,"featured_media":0,"parent":0,"menu_order":0,"comment_status":"closed","ping_status":"closed","template":"","meta":{"footnotes":""},"class_list":["post-345","page","type-page","status-publish","hentry"],"_links":{"self":[{"href":"https:\/\/info.dossenberger.de\/index.php\/wp-json\/wp\/v2\/pages\/345","targetHints":{"allow":["GET"]}}],"collection":[{"href":"https:\/\/info.dossenberger.de\/index.php\/wp-json\/wp\/v2\/pages"}],"about":[{"href":"https:\/\/info.dossenberger.de\/index.php\/wp-json\/wp\/v2\/types\/page"}],"author":[{"embeddable":true,"href":"https:\/\/info.dossenberger.de\/index.php\/wp-json\/wp\/v2\/users\/1"}],"replies":[{"embeddable":true,"href":"https:\/\/info.dossenberger.de\/index.php\/wp-json\/wp\/v2\/comments?post=345"}],"version-history":[{"count":3,"href":"https:\/\/info.dossenberger.de\/index.php\/wp-json\/wp\/v2\/pages\/345\/revisions"}],"predecessor-version":[{"id":470,"href":"https:\/\/info.dossenberger.de\/index.php\/wp-json\/wp\/v2\/pages\/345\/revisions\/470"}],"wp:attachment":[{"href":"https:\/\/info.dossenberger.de\/index.php\/wp-json\/wp\/v2\/media?parent=345"}],"curies":[{"name":"wp","href":"https:\/\/api.w.org\/{rel}","templated":true}]}}