{"id":1093,"date":"2023-01-09T15:10:21","date_gmt":"2023-01-09T15:10:21","guid":{"rendered":"https:\/\/info.dossenberger.de\/?page_id=1093"},"modified":"2026-01-28T08:11:41","modified_gmt":"2026-01-28T08:11:41","slug":"infoveranstaltung-zum-uebertritt","status":"publish","type":"page","link":"https:\/\/info.dossenberger.de\/index.php\/infoveranstaltung-zum-uebertritt\/","title":{"rendered":"Infoveranstaltung zum \u00dcbertritt und im Anschluss Tag der offenen T\u00fcr"},"content":{"rendered":"\n<h2>Am Samstag, den 07.02.2026, von 14:00 Uhr bis\u00a0 17:30 Uhr<\/h2>\n<p><strong>Veranstaltungsort?<br \/><\/strong>Dossenberger-Gymnasium G\u00fcnzburg<br \/>Am S\u00fcdlichen Burgfrieden 4<br \/>89312 G\u00fcnzburg<\/p>\n<p><br \/><strong>F\u00fcr wen?<br \/><\/strong>F\u00fcr alle am \u00dcbertritt ans Dossi interessierten Sch\u00fclerinnen und Sch\u00fcler mit ihren Eltern.<\/p>\n<p><strong>Was steht\u00a0 auf dem Programm?<\/strong><\/p>\n<table class=\" aligncenter\" style=\"border-collapse: collapse; width: 100%; height: 552px;\">\n<tbody>\n<tr style=\"background-color: #e0960b;\">\n<td style=\"width: 100%; text-align: center; height: 22px;\" colspan=\"2\"><strong>Infoveranstaltung zum \u00dcbertritt (14:00 Uhr bis 15:00 Uhr)<\/strong><strong><br \/><\/strong><\/td>\n<\/tr>\n<tr style=\"background-color: #f2b15c;\">\n<td style=\"width: 39.4203%; height: 22px;\"><strong>Programm f\u00fcr die Eltern<\/strong><\/td>\n<td style=\"width: 60.5797%; height: 22px;\"><strong>Programm f\u00fcr die Sch\u00fclerinnen und Sch\u00fcler<\/strong><\/td>\n<\/tr>\n<tr style=\"height: 270px;\">\n<td style=\"width: 39.4203%; height: 270px;\">\n<p>Infoveranstaltung in der Aula<\/p>\n<\/td>\n<td style=\"width: 60.5797%; height: 270px;\">Rundgang durch die Schule in gef\u00fchrten Kleingruppen<br \/><br \/>(Damit hierzu die Gruppeneinteilung stressfrei erfolgen kann, empfehlen wir, bereits ab ca. 13:40 Uhr am Haupteingang einzutreffen.)<\/td>\n<\/tr>\n<tr style=\"background-color: #d48713; height: 58px;\">\n<td style=\"width: 100%; height: 58px;\" colspan=\"2\">\n<p style=\"text-align: center;\"><strong>Tag der offenen T\u00fcr (15:00 Uhr bis 17:30 Uhr)<\/strong><\/p>\n<\/td>\n<\/tr>\n<tr style=\"height: 180px;\">\n<td style=\"width: 100%; height: 180px;\" colspan=\"2\">\n<p style=\"text-align: left;\">Das Dossi pr\u00e4sentiert sich mit verschiedenen <strong>Aktionen im Schulgeb\u00e4ude<\/strong>.<br \/><br \/>Auf Wunsch k\u00f6nnen Grundsch\u00fclerinnen und Grundsch\u00fcler im Zeitraum<strong> zwischen 15:15 Uhr und 16:00 Uhr<\/strong> auch Schnupperunterrichte in den F\u00e4chern Englisch, <span style=\"font-size: revert; font-weight: inherit;\">Latein, Mathematik oder Deutsch besuchen.<\/span><\/p>\n<\/td>\n<\/tr>\n<\/tbody>\n<\/table>\n<p>\u00a0<\/p>\n<p>\u00a0<\/p>\n\n\n\n<p><img loading=\"lazy\" decoding=\"async\" class=\"aligncenter size-full wp-image-1097\" src=\"https:\/\/info.dossenberger.de\/wp-content\/uploads\/2023\/01\/infoveranstaltung_bild.jpg\" alt=\"\" width=\"1789\" height=\"1920\" srcset=\"https:\/\/info.dossenberger.de\/wp-content\/uploads\/2023\/01\/infoveranstaltung_bild.jpg 1789w, https:\/\/info.dossenberger.de\/wp-content\/uploads\/2023\/01\/infoveranstaltung_bild-280x300.jpg 280w, https:\/\/info.dossenberger.de\/wp-content\/uploads\/2023\/01\/infoveranstaltung_bild-954x1024.jpg 954w, https:\/\/info.dossenberger.de\/wp-content\/uploads\/2023\/01\/infoveranstaltung_bild-768x824.jpg 768w, https:\/\/info.dossenberger.de\/wp-content\/uploads\/2023\/01\/infoveranstaltung_bild-1431x1536.jpg 1431w\" sizes=\"auto, (max-width: 1789px) 100vw, 1789px\" \/><\/p>\n","protected":false},"excerpt":{"rendered":"<p>Am Samstag, den 07.02.2026, von 14:00 Uhr bis\u00a0 17:30 Uhr Veranstaltungsort?Dossenberger-Gymnasium G\u00fcnzburgAm S\u00fcdlichen Burgfrieden 489312 G\u00fcnzburg F\u00fcr wen?F\u00fcr alle am \u00dcbertritt ans Dossi interessierten Sch\u00fclerinnen und Sch\u00fcler mit ihren Eltern. Was steht\u00a0 auf dem Programm? Infoveranstaltung zum \u00dcbertritt (14:00 Uhr bis 15:00 Uhr) Programm f\u00fcr die Eltern Programm f\u00fcr die Sch\u00fclerinnen und Sch\u00fcler Infoveranstaltung in &hellip; <a href=\"https:\/\/info.dossenberger.de\/index.php\/infoveranstaltung-zum-uebertritt\/\" class=\"more-link\"><span class=\"screen-reader-text\">Infoveranstaltung zum \u00dcbertritt und im Anschluss Tag der offenen T\u00fcr<\/span> weiterlesen<\/a><\/p>\n","protected":false},"author":1,"featured_media":0,"parent":0,"menu_order":0,"comment_status":"closed","ping_status":"closed","template":"","meta":{"footnotes":""},"class_list":["post-1093","page","type-page","status-publish","hentry"],"_links":{"self":[{"href":"https:\/\/info.dossenberger.de\/index.php\/wp-json\/wp\/v2\/pages\/1093","targetHints":{"allow":["GET"]}}],"collection":[{"href":"https:\/\/info.dossenberger.de\/index.php\/wp-json\/wp\/v2\/pages"}],"about":[{"href":"https:\/\/info.dossenberger.de\/index.php\/wp-json\/wp\/v2\/types\/page"}],"author":[{"embeddable":true,"href":"https:\/\/info.dossenberger.de\/index.php\/wp-json\/wp\/v2\/users\/1"}],"replies":[{"embeddable":true,"href":"https:\/\/info.dossenberger.de\/index.php\/wp-json\/wp\/v2\/comments?post=1093"}],"version-history":[{"count":12,"href":"https:\/\/info.dossenberger.de\/index.php\/wp-json\/wp\/v2\/pages\/1093\/revisions"}],"predecessor-version":[{"id":1237,"href":"https:\/\/info.dossenberger.de\/index.php\/wp-json\/wp\/v2\/pages\/1093\/revisions\/1237"}],"wp:attachment":[{"href":"https:\/\/info.dossenberger.de\/index.php\/wp-json\/wp\/v2\/media?parent=1093"}],"curies":[{"name":"wp","href":"https:\/\/api.w.org\/{rel}","templated":true}]}}