{"id":1085,"date":"2022-12-02T12:31:06","date_gmt":"2022-12-02T12:31:06","guid":{"rendered":"https:\/\/info.dossenberger.de\/?page_id=1085"},"modified":"2022-12-02T12:33:39","modified_gmt":"2022-12-02T12:33:39","slug":"offene-ganztagsschule-ogs","status":"publish","type":"page","link":"https:\/\/info.dossenberger.de\/index.php\/informationen-zum-uebertritt\/offene-ganztagsschule-ogs\/","title":{"rendered":"Offene Ganztagsschule &#8211; OGS"},"content":{"rendered":"\n\n\n<p>Unsere OGS wird seit 2008 direkt von uns f\u00fcr unsere Sch\u00fclerinnen und Sch\u00fcler organisiert, um somit das Angebot sowohl in der Betreuung bei den Hausaufgaben als auch in der Freizeitgestaltung bestm\u00f6glich auf die Bed\u00fcrfnisse unserer Gymnasiasten abzustimmen.<\/p>\n<p><img loading=\"lazy\" decoding=\"async\" class=\"aligncenter size-full wp-image-1086\" src=\"https:\/\/info.dossenberger.de\/wp-content\/uploads\/2022\/12\/ogs2022-scaled.jpg\" alt=\"\" width=\"2560\" height=\"1313\" srcset=\"https:\/\/info.dossenberger.de\/wp-content\/uploads\/2022\/12\/ogs2022-scaled.jpg 2560w, https:\/\/info.dossenberger.de\/wp-content\/uploads\/2022\/12\/ogs2022-300x154.jpg 300w, https:\/\/info.dossenberger.de\/wp-content\/uploads\/2022\/12\/ogs2022-1024x525.jpg 1024w, https:\/\/info.dossenberger.de\/wp-content\/uploads\/2022\/12\/ogs2022-768x394.jpg 768w, https:\/\/info.dossenberger.de\/wp-content\/uploads\/2022\/12\/ogs2022-1536x788.jpg 1536w, https:\/\/info.dossenberger.de\/wp-content\/uploads\/2022\/12\/ogs2022-2048x1050.jpg 2048w\" sizes=\"auto, (max-width: 2560px) 100vw, 2560px\" \/><\/p>\n<p>Weitere und genauere <a href=\"https:\/\/dossenberger.de\/?page_id=199\">Informationen zu unserer OGS<\/a> finden Sie auf unserer Schulhomepage<\/p>\n","protected":false},"excerpt":{"rendered":"<p>Unsere OGS wird seit 2008 direkt von uns f\u00fcr unsere Sch\u00fclerinnen und Sch\u00fcler organisiert, um somit das Angebot sowohl in der Betreuung bei den Hausaufgaben als auch in der Freizeitgestaltung bestm\u00f6glich auf die Bed\u00fcrfnisse unserer Gymnasiasten abzustimmen. Weitere und genauere Informationen zu unserer OGS finden Sie auf unserer Schulhomepage<\/p>\n","protected":false},"author":1,"featured_media":0,"parent":453,"menu_order":0,"comment_status":"closed","ping_status":"closed","template":"","meta":{"footnotes":""},"class_list":["post-1085","page","type-page","status-publish","hentry"],"_links":{"self":[{"href":"https:\/\/info.dossenberger.de\/index.php\/wp-json\/wp\/v2\/pages\/1085","targetHints":{"allow":["GET"]}}],"collection":[{"href":"https:\/\/info.dossenberger.de\/index.php\/wp-json\/wp\/v2\/pages"}],"about":[{"href":"https:\/\/info.dossenberger.de\/index.php\/wp-json\/wp\/v2\/types\/page"}],"author":[{"embeddable":true,"href":"https:\/\/info.dossenberger.de\/index.php\/wp-json\/wp\/v2\/users\/1"}],"replies":[{"embeddable":true,"href":"https:\/\/info.dossenberger.de\/index.php\/wp-json\/wp\/v2\/comments?post=1085"}],"version-history":[{"count":3,"href":"https:\/\/info.dossenberger.de\/index.php\/wp-json\/wp\/v2\/pages\/1085\/revisions"}],"predecessor-version":[{"id":1090,"href":"https:\/\/info.dossenberger.de\/index.php\/wp-json\/wp\/v2\/pages\/1085\/revisions\/1090"}],"up":[{"embeddable":true,"href":"https:\/\/info.dossenberger.de\/index.php\/wp-json\/wp\/v2\/pages\/453"}],"wp:attachment":[{"href":"https:\/\/info.dossenberger.de\/index.php\/wp-json\/wp\/v2\/media?parent=1085"}],"curies":[{"name":"wp","href":"https:\/\/api.w.org\/{rel}","templated":true}]}}